{"id":53,"date":"2020-06-29T23:32:05","date_gmt":"2020-06-29T21:32:05","guid":{"rendered":"https:\/\/demuthelektronik.de\/?page_id=53"},"modified":"2020-07-31T23:25:24","modified_gmt":"2020-07-31T21:25:24","slug":"impressum","status":"publish","type":"page","link":"https:\/\/demuthelektronik.de\/en\/impressum\/","title":{"rendered":"Impressum"},"content":{"rendered":"<div data-elementor-type=\"wp-page\" data-elementor-id=\"53\" class=\"elementor elementor-53\">\n\t\t\t\t\t\t<div class=\"elementor-inner\">\n\t\t\t\t<div class=\"elementor-section-wrap\">\n\t\t\t\t\t\t\t\t\t<section class=\"elementor-section elementor-top-section elementor-element elementor-element-ef5d422 elementor-section-boxed elementor-section-height-default elementor-section-height-default\" data-id=\"ef5d422\" data-element_type=\"section\">\n\t\t\t\t\t\t<div class=\"elementor-container elementor-column-gap-default\">\n\t\t\t\t\t\t\t<div class=\"elementor-row\">\n\t\t\t\t\t<div class=\"elementor-column elementor-col-100 elementor-top-column elementor-element elementor-element-8047d02\" data-id=\"8047d02\" data-element_type=\"column\">\n\t\t\t<div class=\"elementor-column-wrap elementor-element-populated\">\n\t\t\t\t\t\t\t<div class=\"elementor-widget-wrap\">\n\t\t\t\t\t\t<div class=\"elementor-element elementor-element-a0a5b79 elementor-widget elementor-widget-heading\" data-id=\"a0a5b79\" data-element_type=\"widget\" data-widget_type=\"heading.default\">\n\t\t\t\t<div class=\"elementor-widget-container\">\n\t\t\t<h2 class=\"elementor-heading-title elementor-size-default\">Impressum<\/h2>\t\t<\/div>\n\t\t\t\t<\/div>\n\t\t\t\t\t\t<\/div>\n\t\t\t\t\t<\/div>\n\t\t<\/div>\n\t\t\t\t\t\t\t\t<\/div>\n\t\t\t\t\t<\/div>\n\t\t<\/section>\n\t\t\t\t<section class=\"elementor-section elementor-top-section elementor-element elementor-element-134c56a elementor-section-boxed elementor-section-height-default elementor-section-height-default\" data-id=\"134c56a\" data-element_type=\"section\">\n\t\t\t\t\t\t<div class=\"elementor-container elementor-column-gap-default\">\n\t\t\t\t\t\t\t<div class=\"elementor-row\">\n\t\t\t\t\t<div class=\"elementor-column elementor-col-50 elementor-top-column elementor-element elementor-element-28d5e5b\" data-id=\"28d5e5b\" data-element_type=\"column\">\n\t\t\t<div class=\"elementor-column-wrap elementor-element-populated\">\n\t\t\t\t\t\t\t<div class=\"elementor-widget-wrap\">\n\t\t\t\t\t\t<div class=\"elementor-element elementor-element-b5d237e elementor-widget elementor-widget-heading\" data-id=\"b5d237e\" data-element_type=\"widget\" data-widget_type=\"heading.default\">\n\t\t\t\t<div class=\"elementor-widget-container\">\n\t\t\t<h1 class=\"elementor-heading-title elementor-size-default\">Verantwortlich f\u00fcr den Inhalt der Website<br><\/h1>\t\t<\/div>\n\t\t\t\t<\/div>\n\t\t\t\t<div class=\"elementor-element elementor-element-90a0c87 elementor-widget elementor-widget-text-editor\" data-id=\"90a0c87\" data-element_type=\"widget\" data-widget_type=\"text-editor.default\">\n\t\t\t\t<div class=\"elementor-widget-container\">\n\t\t\t\t\t\t\t\t<div class=\"elementor-text-editor elementor-clearfix\">\n\t\t\t\t<p>Demuth Elektronik<br \/>J\u00f6rg Demuth<br \/>Neuengammer Hausdeich 491c<br \/>21037 Hamburg<br \/>Germany<br \/><br \/>Tel. +49 40 &#8211; 723 34 91<br \/>Fax +49 40 &#8211; 723 31 42<br \/>Email info@demuthelektronik.de<\/p><p>\u00a0<\/p>\t\t\t\t\t<\/div>\n\t\t\t\t\t\t<\/div>\n\t\t\t\t<\/div>\n\t\t\t\t<div class=\"elementor-element elementor-element-1694a2c elementor-widget elementor-widget-heading\" data-id=\"1694a2c\" data-element_type=\"widget\" data-widget_type=\"heading.default\">\n\t\t\t\t<div class=\"elementor-widget-container\">\n\t\t\t<h1 class=\"elementor-heading-title elementor-size-default\">Webdesign und Entwicklung<\/h1>\t\t<\/div>\n\t\t\t\t<\/div>\n\t\t\t\t<div class=\"elementor-element elementor-element-e2c1476 elementor-widget elementor-widget-text-editor\" data-id=\"e2c1476\" data-element_type=\"widget\" data-widget_type=\"text-editor.default\">\n\t\t\t\t<div class=\"elementor-widget-container\">\n\t\t\t\t\t\t\t\t<div class=\"elementor-text-editor elementor-clearfix\">\n\t\t\t\t<p>Steffen Suhr\u00a0<br \/>Tel. + 0173 6900308<br \/>Email info@stevosdesign.de<\/p>\t\t\t\t\t<\/div>\n\t\t\t\t\t\t<\/div>\n\t\t\t\t<\/div>\n\t\t\t\t\t\t<\/div>\n\t\t\t\t\t<\/div>\n\t\t<\/div>\n\t\t\t\t<div class=\"elementor-column elementor-col-50 elementor-top-column elementor-element elementor-element-5b7ee0c\" data-id=\"5b7ee0c\" data-element_type=\"column\">\n\t\t\t<div class=\"elementor-column-wrap elementor-element-populated\">\n\t\t\t\t\t\t\t<div class=\"elementor-widget-wrap\">\n\t\t\t\t\t\t<div class=\"elementor-element elementor-element-c5b5776 elementor-widget elementor-widget-image\" data-id=\"c5b5776\" data-element_type=\"widget\" data-widget_type=\"image.default\">\n\t\t\t\t<div class=\"elementor-widget-container\">\n\t\t\t\t\t\t\t\t<div class=\"elementor-image\">\n\t\t\t\t\t\t\t\t\t\t\t\t<img width=\"120\" height=\"156\" src=\"https:\/\/demuthelektronik.de\/wp-content\/uploads\/2020\/07\/erecht24-siegel-impressum-blau.png\" class=\"attachment-full size-full wp-image-312\" alt=\"Demuth Rechtschutz\" loading=\"lazy\" \/>\t\t\t\t\t\t\t\t\t\t\t\t\t\t<\/div>\n\t\t\t\t\t\t<\/div>\n\t\t\t\t<\/div>\n\t\t\t\t\t\t<\/div>\n\t\t\t\t\t<\/div>\n\t\t<\/div>\n\t\t\t\t\t\t\t\t<\/div>\n\t\t\t\t\t<\/div>\n\t\t<\/section>\n\t\t\t\t<section class=\"elementor-section elementor-top-section elementor-element elementor-element-9507a0d elementor-section-boxed elementor-section-height-default elementor-section-height-default\" data-id=\"9507a0d\" data-element_type=\"section\">\n\t\t\t\t\t\t<div class=\"elementor-container elementor-column-gap-default\">\n\t\t\t\t\t\t\t<div class=\"elementor-row\">\n\t\t\t\t\t<div class=\"elementor-column elementor-col-100 elementor-top-column elementor-element elementor-element-c2e1448\" data-id=\"c2e1448\" data-element_type=\"column\">\n\t\t\t<div class=\"elementor-column-wrap elementor-element-populated\">\n\t\t\t\t\t\t\t<div class=\"elementor-widget-wrap\">\n\t\t\t\t\t\t<div class=\"elementor-element elementor-element-2a5d472 elementor-widget elementor-widget-text-editor\" data-id=\"2a5d472\" data-element_type=\"widget\" data-widget_type=\"text-editor.default\">\n\t\t\t\t<div class=\"elementor-widget-container\">\n\t\t\t\t\t\t\t\t<div class=\"elementor-text-editor elementor-clearfix\">\n\t\t\t\t<p><strong>Haftung f\u00fcr Inhalte<\/strong><br \/>Als Diensteanbieter sind wir gem\u00e4\u00df \u00a7 7 Abs.1 TMG f\u00fcr eigene Inhalte auf diesen Seiten nach den allgemeinen Gesetzen verantwortlich. Nach \u00a7\u00a7 8 bis 10 TMG sind wir als Diensteanbieter jedoch nicht verpflichtet, \u00fcbermittelte oder gespeicherte fremde Informationen zu \u00fcberwachen oder nach Umst\u00e4nden zu forschen, die auf eine rechtswidrige T\u00e4tigkeit hinweisen.<br \/><br \/>Verpflichtungen zur Entfernung oder Sperrung der Nutzung von Informationen nach den allgemeinen Gesetzen bleiben hiervon unber\u00fchrt. Eine diesbez\u00fcgliche Haftung ist jedoch erst ab dem Zeitpunkt der Kenntnis einer konkreten Rechtsverletzung m\u00f6glich. Bei Bekanntwerden von entsprechenden Rechtsverletzungen werden wir diese Inhalte umgehend entfernen.<br \/><br \/><strong>Haftung f\u00fcr Links<\/strong><br \/>Unser Angebot enth\u00e4lt Links zu externen Websites Dritter, auf deren Inhalte wir keinen Einfluss haben. Deshalb k\u00f6nnen wir f\u00fcr diese fremden Inhalte auch keine Gew\u00e4hr \u00fcbernehmen. F\u00fcr die Inhalte der verlinkten Seiten ist stets der jeweilige Anbieter oder Betreiber der Seiten verantwortlich. Die verlinkten Seiten wurden zum Zeitpunkt der Verlinkung auf m\u00f6gliche Rechtsverst\u00f6\u00dfe \u00fcberpr\u00fcft. Rechtswidrige Inhalte waren zum Zeitpunkt der Verlinkung nicht erkennbar. Eine permanente inhaltliche Kontrolle der verlinkten Seiten ist jedoch ohne konkrete Anhaltspunkte einer Rechtsverletzung nicht zumutbar. Bei Bekanntwerden von Rechtsverletzungen werden wir derartige Links umgehend entfernen.<br \/><br \/><strong>Urheberrecht<\/strong><br \/>Die durch die Seitenbetreiber erstellten Inhalte und Werke auf diesen Seiten unterliegen dem deutschen Urheberrecht. Die Vervielf\u00e4ltigung, Bearbeitung, Verbreitung und jede Art der Verwertung au\u00dferhalb der Grenzen des Urheberrechtes bed\u00fcrfen der schriftlichen Zustimmung des jeweiligen Autors bzw. Erstellers. Downloads und Kopien dieser Seite sind nur f\u00fcr den privaten, nicht kommerziellen Gebrauch gestattet.<br \/><br \/>Soweit die Inhalte auf dieser Seite nicht vom Betreiber erstellt wurden, werden die Urheberrechte Dritter beachtet. Insbesondere werden Inhalte Dritter als solche gekennzeichnet. Sollten Sie trotzdem auf eine Urheberrechtsverletzung aufmerksam werden, bitten wir um einen entsprechenden Hinweis. Bei Bekanntwerden von Rechtsverletzungen werden wir derartige Inhalte umgehend entfernen.<\/p>\t\t\t\t\t<\/div>\n\t\t\t\t\t\t<\/div>\n\t\t\t\t<\/div>\n\t\t\t\t\t\t<\/div>\n\t\t\t\t\t<\/div>\n\t\t<\/div>\n\t\t\t\t\t\t\t\t<\/div>\n\t\t\t\t\t<\/div>\n\t\t<\/section>\n\t\t\t\t\t\t\t\t\t<\/div>\n\t\t\t<\/div>\n\t\t\t\t\t<\/div>","protected":false},"excerpt":{"rendered":"<p>Impressum Verantwortlich f\u00fcr den Inhalt der Website Demuth ElektronikJ\u00f6rg DemuthNeuengammer Hausdeich 491c21037 HamburgGermany Tel. +49 40 &#8211; 723 34 91Fax +49 40 &#8211; 723 31 42Email info@demuthelektronik.de \u00a0 Webdesign und Entwicklung Steffen Suhr\u00a0Tel. + 0173 6900308Email info@stevosdesign.de Haftung f\u00fcr InhalteAls Diensteanbieter sind wir gem\u00e4\u00df \u00a7 7 Abs.1 TMG f\u00fcr eigene Inhalte auf diesen Seiten nach&#8230;<\/p>","protected":false},"author":1,"featured_media":0,"parent":0,"menu_order":0,"comment_status":"closed","ping_status":"closed","template":"","meta":[],"yoast_head":"<!-- This site is optimized with the Yoast SEO plugin v18.4.1 - https:\/\/yoast.com\/wordpress\/plugins\/seo\/ -->\n<title>Impressum - Demuth Elektronik<\/title>\n<meta name=\"robots\" content=\"index, follow, max-snippet:-1, max-image-preview:large, max-video-preview:-1\" \/>\n<link rel=\"canonical\" href=\"https:\/\/demuthelektronik.de\/en\/impressum\/\" \/>\n<meta property=\"og:locale\" content=\"en_GB\" \/>\n<meta property=\"og:type\" content=\"article\" \/>\n<meta property=\"og:title\" content=\"Impressum - Demuth Elektronik\" \/>\n<meta property=\"og:description\" content=\"Impressum Verantwortlich f\u00fcr den Inhalt der Website Demuth ElektronikJ\u00f6rg DemuthNeuengammer Hausdeich 491c21037 HamburgGermany Tel. +49 40 &#8211; 723 34 91Fax +49 40 &#8211; 723 31 42Email info@demuthelektronik.de \u00a0 Webdesign und Entwicklung Steffen Suhr\u00a0Tel. + 0173 6900308Email info@stevosdesign.de Haftung f\u00fcr InhalteAls Diensteanbieter sind wir gem\u00e4\u00df \u00a7 7 Abs.1 TMG f\u00fcr eigene Inhalte auf diesen Seiten nach...\" \/>\n<meta property=\"og:url\" content=\"https:\/\/demuthelektronik.de\/en\/impressum\/\" \/>\n<meta property=\"og:site_name\" content=\"Demuth Elektronik\" \/>\n<meta property=\"article:modified_time\" content=\"2020-07-31T21:25:24+00:00\" \/>\n<meta property=\"og:image\" content=\"https:\/\/demuthelektronik.de\/wp-content\/uploads\/2020\/07\/erecht24-siegel-impressum-blau.png\" \/>\n<meta name=\"twitter:card\" content=\"summary_large_image\" \/>\n<meta name=\"twitter:label1\" content=\"Estimated reading time\" \/>\n\t<meta name=\"twitter:data1\" content=\"2 minutes\" \/>\n<script type=\"application\/ld+json\" class=\"yoast-schema-graph\">{\"@context\":\"https:\/\/schema.org\",\"@graph\":[{\"@type\":\"Organization\",\"@id\":\"https:\/\/demuthelektronik.de\/#organization\",\"name\":\"Demuth Laryngostroboskop\",\"url\":\"https:\/\/demuthelektronik.de\/\",\"sameAs\":[],\"logo\":{\"@type\":\"ImageObject\",\"@id\":\"https:\/\/demuthelektronik.de\/#logo\",\"inLanguage\":\"en-GB\",\"url\":\"https:\/\/demuthelektronik.de\/wp-content\/uploads\/2020\/06\/Demuth-Laryngostroboskop-Logo-e1596302827293.png\",\"contentUrl\":\"https:\/\/demuthelektronik.de\/wp-content\/uploads\/2020\/06\/Demuth-Laryngostroboskop-Logo-e1596302827293.png\",\"width\":930,\"height\":320,\"caption\":\"Demuth Laryngostroboskop\"},\"image\":{\"@id\":\"https:\/\/demuthelektronik.de\/#logo\"}},{\"@type\":\"WebSite\",\"@id\":\"https:\/\/demuthelektronik.de\/#website\",\"url\":\"https:\/\/demuthelektronik.de\/\",\"name\":\"schroeder-haustechniker.de\",\"description\":\"Das Laryngostroboskop von Demuth\",\"publisher\":{\"@id\":\"https:\/\/demuthelektronik.de\/#organization\"},\"potentialAction\":[{\"@type\":\"SearchAction\",\"target\":{\"@type\":\"EntryPoint\",\"urlTemplate\":\"https:\/\/demuthelektronik.de\/?s={search_term_string}\"},\"query-input\":\"required name=search_term_string\"}],\"inLanguage\":\"en-GB\"},{\"@type\":\"ImageObject\",\"@id\":\"https:\/\/demuthelektronik.de\/impressum\/#primaryimage\",\"inLanguage\":\"en-GB\",\"url\":\"https:\/\/demuthelektronik.de\/wp-content\/uploads\/2020\/07\/erecht24-siegel-impressum-blau.png\",\"contentUrl\":\"https:\/\/demuthelektronik.de\/wp-content\/uploads\/2020\/07\/erecht24-siegel-impressum-blau.png\",\"width\":120,\"height\":156,\"caption\":\"Demuth Rechtschutz\"},{\"@type\":\"WebPage\",\"@id\":\"https:\/\/demuthelektronik.de\/impressum\/#webpage\",\"url\":\"https:\/\/demuthelektronik.de\/impressum\/\",\"name\":\"Impressum - Demuth Elektronik\",\"isPartOf\":{\"@id\":\"https:\/\/demuthelektronik.de\/#website\"},\"primaryImageOfPage\":{\"@id\":\"https:\/\/demuthelektronik.de\/impressum\/#primaryimage\"},\"datePublished\":\"2020-06-29T21:32:05+00:00\",\"dateModified\":\"2020-07-31T21:25:24+00:00\",\"breadcrumb\":{\"@id\":\"https:\/\/demuthelektronik.de\/impressum\/#breadcrumb\"},\"inLanguage\":\"en-GB\",\"potentialAction\":[{\"@type\":\"ReadAction\",\"target\":[\"https:\/\/demuthelektronik.de\/impressum\/\"]}]},{\"@type\":\"BreadcrumbList\",\"@id\":\"https:\/\/demuthelektronik.de\/impressum\/#breadcrumb\",\"itemListElement\":[{\"@type\":\"ListItem\",\"position\":1,\"name\":\"Startseite\",\"item\":\"https:\/\/demuthelektronik.de\/\"},{\"@type\":\"ListItem\",\"position\":2,\"name\":\"Impressum\"}]}]}<\/script>\n<!-- \/ Yoast SEO plugin. -->","yoast_head_json":{"title":"Impressum - Demuth Elektronik","robots":{"index":"index","follow":"follow","max-snippet":"max-snippet:-1","max-image-preview":"max-image-preview:large","max-video-preview":"max-video-preview:-1"},"canonical":"https:\/\/demuthelektronik.de\/en\/impressum\/","og_locale":"en_GB","og_type":"article","og_title":"Impressum - Demuth Elektronik","og_description":"Impressum Verantwortlich f\u00fcr den Inhalt der Website Demuth ElektronikJ\u00f6rg DemuthNeuengammer Hausdeich 491c21037 HamburgGermany Tel. +49 40 &#8211; 723 34 91Fax +49 40 &#8211; 723 31 42Email info@demuthelektronik.de \u00a0 Webdesign und Entwicklung Steffen Suhr\u00a0Tel. + 0173 6900308Email info@stevosdesign.de Haftung f\u00fcr InhalteAls Diensteanbieter sind wir gem\u00e4\u00df \u00a7 7 Abs.1 TMG f\u00fcr eigene Inhalte auf diesen Seiten nach...","og_url":"https:\/\/demuthelektronik.de\/en\/impressum\/","og_site_name":"Demuth Elektronik","article_modified_time":"2020-07-31T21:25:24+00:00","og_image":[{"url":"https:\/\/demuthelektronik.de\/wp-content\/uploads\/2020\/07\/erecht24-siegel-impressum-blau.png"}],"twitter_card":"summary_large_image","twitter_misc":{"Estimated reading time":"2 minutes"},"schema":{"@context":"https:\/\/schema.org","@graph":[{"@type":"Organization","@id":"https:\/\/demuthelektronik.de\/#organization","name":"Demuth Laryngostroboskop","url":"https:\/\/demuthelektronik.de\/","sameAs":[],"logo":{"@type":"ImageObject","@id":"https:\/\/demuthelektronik.de\/#logo","inLanguage":"en-GB","url":"https:\/\/demuthelektronik.de\/wp-content\/uploads\/2020\/06\/Demuth-Laryngostroboskop-Logo-e1596302827293.png","contentUrl":"https:\/\/demuthelektronik.de\/wp-content\/uploads\/2020\/06\/Demuth-Laryngostroboskop-Logo-e1596302827293.png","width":930,"height":320,"caption":"Demuth Laryngostroboskop"},"image":{"@id":"https:\/\/demuthelektronik.de\/#logo"}},{"@type":"WebSite","@id":"https:\/\/demuthelektronik.de\/#website","url":"https:\/\/demuthelektronik.de\/","name":"schroeder-haustechniker.de","description":"Das Laryngostroboskop von Demuth","publisher":{"@id":"https:\/\/demuthelektronik.de\/#organization"},"potentialAction":[{"@type":"SearchAction","target":{"@type":"EntryPoint","urlTemplate":"https:\/\/demuthelektronik.de\/?s={search_term_string}"},"query-input":"required name=search_term_string"}],"inLanguage":"en-GB"},{"@type":"ImageObject","@id":"https:\/\/demuthelektronik.de\/impressum\/#primaryimage","inLanguage":"en-GB","url":"https:\/\/demuthelektronik.de\/wp-content\/uploads\/2020\/07\/erecht24-siegel-impressum-blau.png","contentUrl":"https:\/\/demuthelektronik.de\/wp-content\/uploads\/2020\/07\/erecht24-siegel-impressum-blau.png","width":120,"height":156,"caption":"Demuth Rechtschutz"},{"@type":"WebPage","@id":"https:\/\/demuthelektronik.de\/impressum\/#webpage","url":"https:\/\/demuthelektronik.de\/impressum\/","name":"Impressum - Demuth Elektronik","isPartOf":{"@id":"https:\/\/demuthelektronik.de\/#website"},"primaryImageOfPage":{"@id":"https:\/\/demuthelektronik.de\/impressum\/#primaryimage"},"datePublished":"2020-06-29T21:32:05+00:00","dateModified":"2020-07-31T21:25:24+00:00","breadcrumb":{"@id":"https:\/\/demuthelektronik.de\/impressum\/#breadcrumb"},"inLanguage":"en-GB","potentialAction":[{"@type":"ReadAction","target":["https:\/\/demuthelektronik.de\/impressum\/"]}]},{"@type":"BreadcrumbList","@id":"https:\/\/demuthelektronik.de\/impressum\/#breadcrumb","itemListElement":[{"@type":"ListItem","position":1,"name":"Startseite","item":"https:\/\/demuthelektronik.de\/"},{"@type":"ListItem","position":2,"name":"Impressum"}]}]}},"_links":{"self":[{"href":"https:\/\/demuthelektronik.de\/en\/wp-json\/wp\/v2\/pages\/53"}],"collection":[{"href":"https:\/\/demuthelektronik.de\/en\/wp-json\/wp\/v2\/pages"}],"about":[{"href":"https:\/\/demuthelektronik.de\/en\/wp-json\/wp\/v2\/types\/page"}],"author":[{"embeddable":true,"href":"https:\/\/demuthelektronik.de\/en\/wp-json\/wp\/v2\/users\/1"}],"replies":[{"embeddable":true,"href":"https:\/\/demuthelektronik.de\/en\/wp-json\/wp\/v2\/comments?post=53"}],"version-history":[{"count":8,"href":"https:\/\/demuthelektronik.de\/en\/wp-json\/wp\/v2\/pages\/53\/revisions"}],"predecessor-version":[{"id":313,"href":"https:\/\/demuthelektronik.de\/en\/wp-json\/wp\/v2\/pages\/53\/revisions\/313"}],"wp:attachment":[{"href":"https:\/\/demuthelektronik.de\/en\/wp-json\/wp\/v2\/media?parent=53"}],"curies":[{"name":"wp","href":"https:\/\/api.w.org\/{rel}","templated":true}]}}