{"id":19,"date":"2020-06-29T00:24:18","date_gmt":"2020-06-28T22:24:18","guid":{"rendered":"https:\/\/demuthelektronik.de\/?page_id=19"},"modified":"2021-06-10T12:31:55","modified_gmt":"2021-06-10T10:31:55","slug":"ueberdemuth","status":"publish","type":"page","link":"https:\/\/demuthelektronik.de\/en\/ueberdemuth\/","title":{"rendered":"About Demuth Elektronik"},"content":{"rendered":"<div data-elementor-type=\"wp-page\" data-elementor-id=\"19\" class=\"elementor elementor-19\">\n\t\t\t\t\t\t<div class=\"elementor-inner\">\n\t\t\t\t<div class=\"elementor-section-wrap\">\n\t\t\t\t\t\t\t\t\t<section class=\"elementor-section elementor-top-section elementor-element elementor-element-dcaba67 elementor-section-stretched elementor-section-full_width elementor-section-height-default elementor-section-height-default\" data-id=\"dcaba67\" data-element_type=\"section\" data-settings=\"{&quot;stretch_section&quot;:&quot;section-stretched&quot;}\">\n\t\t\t\t\t\t<div class=\"elementor-container elementor-column-gap-default\">\n\t\t\t\t\t\t\t<div class=\"elementor-row\">\n\t\t\t\t\t<div class=\"elementor-column elementor-col-100 elementor-top-column elementor-element elementor-element-d365a00\" data-id=\"d365a00\" data-element_type=\"column\">\n\t\t\t<div class=\"elementor-column-wrap elementor-element-populated\">\n\t\t\t\t\t\t\t<div class=\"elementor-widget-wrap\">\n\t\t\t\t\t\t<div class=\"elementor-element elementor-element-dfd081a elementor-widget elementor-widget-heading\" data-id=\"dfd081a\" data-element_type=\"widget\" data-widget_type=\"heading.default\">\n\t\t\t\t<div class=\"elementor-widget-container\">\n\t\t\t<h2 class=\"elementor-heading-title elementor-size-default\">J\u00f6rg Demuth <\/h2>\t\t<\/div>\n\t\t\t\t<\/div>\n\t\t\t\t<div class=\"elementor-element elementor-element-81e0c60 elementor-widget elementor-widget-text-editor\" data-id=\"81e0c60\" data-element_type=\"widget\" data-widget_type=\"text-editor.default\">\n\t\t\t\t<div class=\"elementor-widget-container\">\n\t\t\t\t\t\t\t\t<div class=\"elementor-text-editor elementor-clearfix\">\n\t\t\t\t<p style=\"text-align: center;\">Founder and inventor of the Demuth Laryngostroboscope<\/p>\t\t\t\t\t<\/div>\n\t\t\t\t\t\t<\/div>\n\t\t\t\t<\/div>\n\t\t\t\t<div class=\"elementor-element elementor-element-07744fe elementor-hidden-desktop elementor-hidden-tablet elementor-hidden-phone elementor-widget elementor-widget-image\" data-id=\"07744fe\" data-element_type=\"widget\" data-widget_type=\"image.default\">\n\t\t\t\t<div class=\"elementor-widget-container\">\n\t\t\t\t\t\t\t\t<div class=\"elementor-image\">\n\t\t\t\t\t\t\t\t\t\t\t\t<img width=\"274\" height=\"274\" src=\"https:\/\/demuthelektronik.de\/wp-content\/uploads\/2020\/07\/dr_kovacevic.jpg\" class=\"attachment-full size-full wp-image-192\" alt=\"\" loading=\"lazy\" srcset=\"https:\/\/demuthelektronik.de\/wp-content\/uploads\/2020\/07\/dr_kovacevic.jpg 274w, https:\/\/demuthelektronik.de\/wp-content\/uploads\/2020\/07\/dr_kovacevic-150x150.jpg 150w\" sizes=\"(max-width: 274px) 100vw, 274px\" \/>\t\t\t\t\t\t\t\t\t\t\t\t\t\t<\/div>\n\t\t\t\t\t\t<\/div>\n\t\t\t\t<\/div>\n\t\t\t\t\t\t<\/div>\n\t\t\t\t\t<\/div>\n\t\t<\/div>\n\t\t\t\t\t\t\t\t<\/div>\n\t\t\t\t\t<\/div>\n\t\t<\/section>\n\t\t\t\t<section class=\"elementor-section elementor-top-section elementor-element elementor-element-8264c95 elementor-section-boxed elementor-section-height-default elementor-section-height-default\" data-id=\"8264c95\" data-element_type=\"section\">\n\t\t\t\t\t\t<div class=\"elementor-container elementor-column-gap-default\">\n\t\t\t\t\t\t\t<div class=\"elementor-row\">\n\t\t\t\t\t<div class=\"elementor-column elementor-col-50 elementor-top-column elementor-element elementor-element-254dcbc\" data-id=\"254dcbc\" data-element_type=\"column\">\n\t\t\t<div class=\"elementor-column-wrap elementor-element-populated\">\n\t\t\t\t\t\t\t<div class=\"elementor-widget-wrap\">\n\t\t\t\t\t\t<div class=\"elementor-element elementor-element-a916cb4 elementor-cta--skin-classic elementor-animated-content elementor-bg-transform elementor-bg-transform-zoom-in elementor-widget elementor-widget-call-to-action\" data-id=\"a916cb4\" data-element_type=\"widget\" data-widget_type=\"call-to-action.default\">\n\t\t\t\t<div class=\"elementor-widget-container\">\n\t\t\t\t\t<div  class=\"elementor-cta\">\n\t\t\t\t\t\t\t<div class=\"elementor-cta__content\">\n\t\t\t\t\n\t\t\t\t\t\t\t\t\t<h2 class=\"elementor-cta__title elementor-cta__content-item elementor-content-item\">\n\t\t\t\t\t\tYou want to make a phone call?\t\t\t\t\t<\/h2>\n\t\t\t\t\n\t\t\t\t\t\t\t\t\t<div class=\"elementor-cta__description elementor-cta__content-item elementor-content-item\">\n\t\t\t\t\t\t040 723 34 91 or 01 714 340 915<br>\nGet in touch with me and let me advise you personally!\n<br>\n<br>\n or send me a contact request \n\t\t\t\t\t<\/div>\n\t\t\t\t\n\t\t\t\t\t\t\t\t\t<div class=\"elementor-cta__button-wrapper elementor-cta__content-item elementor-content-item\">\n\t\t\t\t\t<a class=\"elementor-cta__button elementor-button elementor-size-sm\">\n\t\t\t\t\t\tClick here for the contact form\t\t\t\t\t<\/a>\n\t\t\t\t\t<\/div>\n\t\t\t\t\t\t\t<\/div>\n\t\t\t\t\t\t<\/div>\n\t\t\t\t<\/div>\n\t\t\t\t<\/div>\n\t\t\t\t\t\t<\/div>\n\t\t\t\t\t<\/div>\n\t\t<\/div>\n\t\t\t\t<div class=\"elementor-column elementor-col-50 elementor-top-column elementor-element elementor-element-2fd3427\" data-id=\"2fd3427\" data-element_type=\"column\">\n\t\t\t<div class=\"elementor-column-wrap elementor-element-populated\">\n\t\t\t\t\t\t\t<div class=\"elementor-widget-wrap\">\n\t\t\t\t\t\t<div class=\"elementor-element elementor-element-f6e571e elementor-widget elementor-widget-heading\" data-id=\"f6e571e\" data-element_type=\"widget\" data-widget_type=\"heading.default\">\n\t\t\t\t<div class=\"elementor-widget-container\">\n\t\t\t<h2 class=\"elementor-heading-title elementor-size-default\">Company history<\/h2>\t\t<\/div>\n\t\t\t\t<\/div>\n\t\t\t\t<div class=\"elementor-element elementor-element-94daf81 elementor-widget elementor-widget-toggle\" data-id=\"94daf81\" data-element_type=\"widget\" data-widget_type=\"toggle.default\">\n\t\t\t\t<div class=\"elementor-widget-container\">\n\t\t\t\t\t<div class=\"elementor-toggle\" role=\"tablist\">\n\t\t\t\t\t\t\t<div class=\"elementor-toggle-item\">\n\t\t\t\t\t<div id=\"elementor-tab-title-1561\" class=\"elementor-tab-title\" data-tab=\"1\" role=\"tab\" aria-controls=\"elementor-tab-content-1561\" aria-expanded=\"false\">\n\t\t\t\t\t\t\t\t\t\t\t\t<span class=\"elementor-toggle-icon elementor-toggle-icon-left\" aria-hidden=\"true\">\n\t\t\t\t\t\t\t\t\t\t\t\t\t\t\t<span class=\"elementor-toggle-icon-closed\"><i class=\"fas fa-caret-right\"><\/i><\/span>\n\t\t\t\t\t\t\t\t<span class=\"elementor-toggle-icon-opened\"><i class=\"elementor-toggle-icon-opened fas fa-caret-up\"><\/i><\/span>\n\t\t\t\t\t\t\t\t\t\t\t\t\t<\/span>\n\t\t\t\t\t\t\t\t\t\t\t\t<a href=\"\" class=\"elementor-toggle-title\">Establishment<\/a>\n\t\t\t\t\t<\/div>\n\n\t\t\t\t\t<div id=\"elementor-tab-content-1561\" class=\"elementor-tab-content elementor-clearfix\" data-tab=\"1\" role=\"tabpanel\" aria-labelledby=\"elementor-tab-title-1561\"><p>The company Demuth Elektronik was founded in 1960 by J\u00f6rg Demuth and entered into the trade register of the Free and Hanseatic City of Hamburg. After several relocations, the company is now headquartered in Hamburg Bergedorf. Humility Electronics stands for innovative developments in ENT medical technology. With the devices <strong>Stroboskop<\/strong>, <strong>Laryngostroboskop<\/strong> automatic and <strong>Video stroboscopy<\/strong> the company is one of the leading suppliers of these products. Service and customer satisfaction are very important in this manageable company. And to keep it that way, suggestions and criticism are welcome.<\/p><\/div>\n\t\t\t\t<\/div>\n\t\t\t\t\t\t\t<div class=\"elementor-toggle-item\">\n\t\t\t\t\t<div id=\"elementor-tab-title-1562\" class=\"elementor-tab-title\" data-tab=\"2\" role=\"tab\" aria-controls=\"elementor-tab-content-1562\" aria-expanded=\"false\">\n\t\t\t\t\t\t\t\t\t\t\t\t<span class=\"elementor-toggle-icon elementor-toggle-icon-left\" aria-hidden=\"true\">\n\t\t\t\t\t\t\t\t\t\t\t\t\t\t\t<span class=\"elementor-toggle-icon-closed\"><i class=\"fas fa-caret-right\"><\/i><\/span>\n\t\t\t\t\t\t\t\t<span class=\"elementor-toggle-icon-opened\"><i class=\"elementor-toggle-icon-opened fas fa-caret-up\"><\/i><\/span>\n\t\t\t\t\t\t\t\t\t\t\t\t\t<\/span>\n\t\t\t\t\t\t\t\t\t\t\t\t<a href=\"\" class=\"elementor-toggle-title\">Stroboscopy<\/a>\n\t\t\t\t\t<\/div>\n\n\t\t\t\t\t<div id=\"elementor-tab-content-1562\" class=\"elementor-tab-content elementor-clearfix\" data-tab=\"2\" role=\"tabpanel\" aria-labelledby=\"elementor-tab-title-1562\"><p>Stroboscopy is one of the recognized techniques for examining the moving vocal lips. The vocal lips are illuminated with very short flashes of light. Through the inertia of the eye, the viewer composes the individual flashes of light into an overall picture. The examination is carried out with a rigid or flexible optics.<\/p><\/div>\n\t\t\t\t<\/div>\n\t\t\t\t\t\t\t<div class=\"elementor-toggle-item\">\n\t\t\t\t\t<div id=\"elementor-tab-title-1563\" class=\"elementor-tab-title\" data-tab=\"3\" role=\"tab\" aria-controls=\"elementor-tab-content-1563\" aria-expanded=\"false\">\n\t\t\t\t\t\t\t\t\t\t\t\t<span class=\"elementor-toggle-icon elementor-toggle-icon-left\" aria-hidden=\"true\">\n\t\t\t\t\t\t\t\t\t\t\t\t\t\t\t<span class=\"elementor-toggle-icon-closed\"><i class=\"fas fa-caret-right\"><\/i><\/span>\n\t\t\t\t\t\t\t\t<span class=\"elementor-toggle-icon-opened\"><i class=\"elementor-toggle-icon-opened fas fa-caret-up\"><\/i><\/span>\n\t\t\t\t\t\t\t\t\t\t\t\t\t<\/span>\n\t\t\t\t\t\t\t\t\t\t\t\t<a href=\"\" class=\"elementor-toggle-title\">Video Stroboscopy<\/a>\n\t\t\t\t\t<\/div>\n\n\t\t\t\t\t<div id=\"elementor-tab-content-1563\" class=\"elementor-tab-content elementor-clearfix\" data-tab=\"3\" role=\"tabpanel\" aria-labelledby=\"elementor-tab-title-1563\"><p>The video stroboscopy uses the possibility to visualize the images. The images are then placed on the optics by means of a <strong>CCD camera<\/strong>, optionally with an optics equipped with CCD chip ,<strong> Chip on the Tip<\/strong> digitized and displayed and stored on a PC monitor. Repeated viewing of the recording makes image editing, archiving, printing and exporting of individual images possible. The live sound is also recorded.<\/p><\/div>\n\t\t\t\t<\/div>\n\t\t\t\t\t\t\t<div class=\"elementor-toggle-item\">\n\t\t\t\t\t<div id=\"elementor-tab-title-1564\" class=\"elementor-tab-title\" data-tab=\"4\" role=\"tab\" aria-controls=\"elementor-tab-content-1564\" aria-expanded=\"false\">\n\t\t\t\t\t\t\t\t\t\t\t\t<span class=\"elementor-toggle-icon elementor-toggle-icon-left\" aria-hidden=\"true\">\n\t\t\t\t\t\t\t\t\t\t\t\t\t\t\t<span class=\"elementor-toggle-icon-closed\"><i class=\"fas fa-caret-right\"><\/i><\/span>\n\t\t\t\t\t\t\t\t<span class=\"elementor-toggle-icon-opened\"><i class=\"elementor-toggle-icon-opened fas fa-caret-up\"><\/i><\/span>\n\t\t\t\t\t\t\t\t\t\t\t\t\t<\/span>\n\t\t\t\t\t\t\t\t\t\t\t\t<a href=\"\" class=\"elementor-toggle-title\">Image video documentation<\/a>\n\t\t\t\t\t<\/div>\n\n\t\t\t\t\t<div id=\"elementor-tab-content-1564\" class=\"elementor-tab-content elementor-clearfix\" data-tab=\"4\" role=\"tabpanel\" aria-labelledby=\"elementor-tab-title-1564\"><p><strong>Software Storage, viewing and evaluation of video findings Patient, session, finding management, image editing, graphical markings HTML report. Full HD video, Touch Screen optimized. DICOM Network, WIN10<br \/><\/strong><\/p><p>\u00a0<\/p><p>\u00a0<\/p><\/div>\n\t\t\t\t<\/div>\n\t\t\t\t\t\t\t\t<\/div>\n\t\t\t\t<\/div>\n\t\t\t\t<\/div>\n\t\t\t\t\t\t<\/div>\n\t\t\t\t\t<\/div>\n\t\t<\/div>\n\t\t\t\t\t\t\t\t<\/div>\n\t\t\t\t\t<\/div>\n\t\t<\/section>\n\t\t\t\t<section class=\"elementor-section elementor-top-section elementor-element elementor-element-4e89c15 elementor-section-boxed elementor-section-height-default elementor-section-height-default\" data-id=\"4e89c15\" data-element_type=\"section\">\n\t\t\t\t\t\t<div class=\"elementor-container elementor-column-gap-default\">\n\t\t\t\t\t\t\t<div class=\"elementor-row\">\n\t\t\t\t\t\t\t\t\t<\/div>\n\t\t\t\t\t<\/div>\n\t\t<\/section>\n\t\t\t\t\t\t\t\t\t<\/div>\n\t\t\t<\/div>\n\t\t\t\t\t<\/div>","protected":false},"excerpt":{"rendered":"<p>J\u00f6rg Demuth Gr\u00fcnder und Erfinder vom Demuth Laryngostroboskop Sie wollen mit mir telefonieren? 040 723 34 91 oder 01714340915 Treten Sie mit mir in Kontakt und lassen Sie sich pers\u00f6nlich von mir Beraten! oder schicken Sie mir eine Kontaktanfrage Hier zum Kontaktformular Unternehmensgeschichte Gr\u00fcndung Das Unternehmen Demuth Elektronik wurde 1960 von J\u00f6rg Demuth gegr\u00fcndet und&#8230;<\/p>","protected":false},"author":1,"featured_media":0,"parent":0,"menu_order":0,"comment_status":"closed","ping_status":"closed","template":"","meta":[],"yoast_head":"<!-- This site is optimized with the Yoast SEO plugin v18.4.1 - https:\/\/yoast.com\/wordpress\/plugins\/seo\/ -->\n<title>\u00dcber Demuth Elektronik - Demuth Elektronik<\/title>\n<meta name=\"robots\" content=\"index, follow, max-snippet:-1, max-image-preview:large, max-video-preview:-1\" \/>\n<link rel=\"canonical\" href=\"https:\/\/demuthelektronik.de\/en\/ueberdemuth\/\" \/>\n<meta property=\"og:locale\" content=\"en_GB\" \/>\n<meta property=\"og:type\" content=\"article\" \/>\n<meta property=\"og:title\" content=\"\u00dcber Demuth Elektronik - Demuth Elektronik\" \/>\n<meta property=\"og:description\" content=\"J\u00f6rg Demuth Gr\u00fcnder und Erfinder vom Demuth Laryngostroboskop Sie wollen mit mir telefonieren? 040 723 34 91 oder 01714340915 Treten Sie mit mir in Kontakt und lassen Sie sich pers\u00f6nlich von mir Beraten! oder schicken Sie mir eine Kontaktanfrage Hier zum Kontaktformular Unternehmensgeschichte Gr\u00fcndung Das Unternehmen Demuth Elektronik wurde 1960 von J\u00f6rg Demuth gegr\u00fcndet und...\" \/>\n<meta property=\"og:url\" content=\"https:\/\/demuthelektronik.de\/en\/ueberdemuth\/\" \/>\n<meta property=\"og:site_name\" content=\"Demuth Elektronik\" \/>\n<meta property=\"article:modified_time\" content=\"2021-06-10T10:31:55+00:00\" \/>\n<meta property=\"og:image\" content=\"https:\/\/demuthelektronik.de\/wp-content\/uploads\/2020\/07\/dr_kovacevic.jpg\" \/>\n<meta name=\"twitter:card\" content=\"summary_large_image\" \/>\n<meta name=\"twitter:label1\" content=\"Estimated reading time\" \/>\n\t<meta name=\"twitter:data1\" content=\"2 minutes\" \/>\n<script type=\"application\/ld+json\" class=\"yoast-schema-graph\">{\"@context\":\"https:\/\/schema.org\",\"@graph\":[{\"@type\":\"Organization\",\"@id\":\"https:\/\/demuthelektronik.de\/#organization\",\"name\":\"Demuth Laryngostroboskop\",\"url\":\"https:\/\/demuthelektronik.de\/\",\"sameAs\":[],\"logo\":{\"@type\":\"ImageObject\",\"@id\":\"https:\/\/demuthelektronik.de\/#logo\",\"inLanguage\":\"en-GB\",\"url\":\"https:\/\/demuthelektronik.de\/wp-content\/uploads\/2020\/06\/Demuth-Laryngostroboskop-Logo-e1596302827293.png\",\"contentUrl\":\"https:\/\/demuthelektronik.de\/wp-content\/uploads\/2020\/06\/Demuth-Laryngostroboskop-Logo-e1596302827293.png\",\"width\":930,\"height\":320,\"caption\":\"Demuth Laryngostroboskop\"},\"image\":{\"@id\":\"https:\/\/demuthelektronik.de\/#logo\"}},{\"@type\":\"WebSite\",\"@id\":\"https:\/\/demuthelektronik.de\/#website\",\"url\":\"https:\/\/demuthelektronik.de\/\",\"name\":\"schroeder-haustechniker.de\",\"description\":\"Das Laryngostroboskop von Demuth\",\"publisher\":{\"@id\":\"https:\/\/demuthelektronik.de\/#organization\"},\"potentialAction\":[{\"@type\":\"SearchAction\",\"target\":{\"@type\":\"EntryPoint\",\"urlTemplate\":\"https:\/\/demuthelektronik.de\/?s={search_term_string}\"},\"query-input\":\"required name=search_term_string\"}],\"inLanguage\":\"en-GB\"},{\"@type\":\"ImageObject\",\"@id\":\"https:\/\/demuthelektronik.de\/ueberdemuth\/#primaryimage\",\"inLanguage\":\"en-GB\",\"url\":\"https:\/\/demuthelektronik.de\/wp-content\/uploads\/2020\/07\/dr_kovacevic.jpg\",\"contentUrl\":\"https:\/\/demuthelektronik.de\/wp-content\/uploads\/2020\/07\/dr_kovacevic.jpg\",\"width\":274,\"height\":274,\"caption\":\"arzt\"},{\"@type\":\"WebPage\",\"@id\":\"https:\/\/demuthelektronik.de\/ueberdemuth\/#webpage\",\"url\":\"https:\/\/demuthelektronik.de\/ueberdemuth\/\",\"name\":\"\u00dcber Demuth Elektronik - Demuth Elektronik\",\"isPartOf\":{\"@id\":\"https:\/\/demuthelektronik.de\/#website\"},\"primaryImageOfPage\":{\"@id\":\"https:\/\/demuthelektronik.de\/ueberdemuth\/#primaryimage\"},\"datePublished\":\"2020-06-28T22:24:18+00:00\",\"dateModified\":\"2021-06-10T10:31:55+00:00\",\"breadcrumb\":{\"@id\":\"https:\/\/demuthelektronik.de\/ueberdemuth\/#breadcrumb\"},\"inLanguage\":\"en-GB\",\"potentialAction\":[{\"@type\":\"ReadAction\",\"target\":[\"https:\/\/demuthelektronik.de\/ueberdemuth\/\"]}]},{\"@type\":\"BreadcrumbList\",\"@id\":\"https:\/\/demuthelektronik.de\/ueberdemuth\/#breadcrumb\",\"itemListElement\":[{\"@type\":\"ListItem\",\"position\":1,\"name\":\"Startseite\",\"item\":\"https:\/\/demuthelektronik.de\/\"},{\"@type\":\"ListItem\",\"position\":2,\"name\":\"\u00dcber Demuth Elektronik\"}]}]}<\/script>\n<!-- \/ Yoast SEO plugin. -->","yoast_head_json":{"title":"\u00dcber Demuth Elektronik - Demuth Elektronik","robots":{"index":"index","follow":"follow","max-snippet":"max-snippet:-1","max-image-preview":"max-image-preview:large","max-video-preview":"max-video-preview:-1"},"canonical":"https:\/\/demuthelektronik.de\/en\/ueberdemuth\/","og_locale":"en_GB","og_type":"article","og_title":"\u00dcber Demuth Elektronik - Demuth Elektronik","og_description":"J\u00f6rg Demuth Gr\u00fcnder und Erfinder vom Demuth Laryngostroboskop Sie wollen mit mir telefonieren? 040 723 34 91 oder 01714340915 Treten Sie mit mir in Kontakt und lassen Sie sich pers\u00f6nlich von mir Beraten! oder schicken Sie mir eine Kontaktanfrage Hier zum Kontaktformular Unternehmensgeschichte Gr\u00fcndung Das Unternehmen Demuth Elektronik wurde 1960 von J\u00f6rg Demuth gegr\u00fcndet und...","og_url":"https:\/\/demuthelektronik.de\/en\/ueberdemuth\/","og_site_name":"Demuth Elektronik","article_modified_time":"2021-06-10T10:31:55+00:00","og_image":[{"url":"https:\/\/demuthelektronik.de\/wp-content\/uploads\/2020\/07\/dr_kovacevic.jpg"}],"twitter_card":"summary_large_image","twitter_misc":{"Estimated reading time":"2 minutes"},"schema":{"@context":"https:\/\/schema.org","@graph":[{"@type":"Organization","@id":"https:\/\/demuthelektronik.de\/#organization","name":"Demuth Laryngostroboskop","url":"https:\/\/demuthelektronik.de\/","sameAs":[],"logo":{"@type":"ImageObject","@id":"https:\/\/demuthelektronik.de\/#logo","inLanguage":"en-GB","url":"https:\/\/demuthelektronik.de\/wp-content\/uploads\/2020\/06\/Demuth-Laryngostroboskop-Logo-e1596302827293.png","contentUrl":"https:\/\/demuthelektronik.de\/wp-content\/uploads\/2020\/06\/Demuth-Laryngostroboskop-Logo-e1596302827293.png","width":930,"height":320,"caption":"Demuth Laryngostroboskop"},"image":{"@id":"https:\/\/demuthelektronik.de\/#logo"}},{"@type":"WebSite","@id":"https:\/\/demuthelektronik.de\/#website","url":"https:\/\/demuthelektronik.de\/","name":"schroeder-haustechniker.de","description":"Das Laryngostroboskop von Demuth","publisher":{"@id":"https:\/\/demuthelektronik.de\/#organization"},"potentialAction":[{"@type":"SearchAction","target":{"@type":"EntryPoint","urlTemplate":"https:\/\/demuthelektronik.de\/?s={search_term_string}"},"query-input":"required name=search_term_string"}],"inLanguage":"en-GB"},{"@type":"ImageObject","@id":"https:\/\/demuthelektronik.de\/ueberdemuth\/#primaryimage","inLanguage":"en-GB","url":"https:\/\/demuthelektronik.de\/wp-content\/uploads\/2020\/07\/dr_kovacevic.jpg","contentUrl":"https:\/\/demuthelektronik.de\/wp-content\/uploads\/2020\/07\/dr_kovacevic.jpg","width":274,"height":274,"caption":"arzt"},{"@type":"WebPage","@id":"https:\/\/demuthelektronik.de\/ueberdemuth\/#webpage","url":"https:\/\/demuthelektronik.de\/ueberdemuth\/","name":"\u00dcber Demuth Elektronik - Demuth Elektronik","isPartOf":{"@id":"https:\/\/demuthelektronik.de\/#website"},"primaryImageOfPage":{"@id":"https:\/\/demuthelektronik.de\/ueberdemuth\/#primaryimage"},"datePublished":"2020-06-28T22:24:18+00:00","dateModified":"2021-06-10T10:31:55+00:00","breadcrumb":{"@id":"https:\/\/demuthelektronik.de\/ueberdemuth\/#breadcrumb"},"inLanguage":"en-GB","potentialAction":[{"@type":"ReadAction","target":["https:\/\/demuthelektronik.de\/ueberdemuth\/"]}]},{"@type":"BreadcrumbList","@id":"https:\/\/demuthelektronik.de\/ueberdemuth\/#breadcrumb","itemListElement":[{"@type":"ListItem","position":1,"name":"Startseite","item":"https:\/\/demuthelektronik.de\/"},{"@type":"ListItem","position":2,"name":"\u00dcber Demuth Elektronik"}]}]}},"_links":{"self":[{"href":"https:\/\/demuthelektronik.de\/en\/wp-json\/wp\/v2\/pages\/19"}],"collection":[{"href":"https:\/\/demuthelektronik.de\/en\/wp-json\/wp\/v2\/pages"}],"about":[{"href":"https:\/\/demuthelektronik.de\/en\/wp-json\/wp\/v2\/types\/page"}],"author":[{"embeddable":true,"href":"https:\/\/demuthelektronik.de\/en\/wp-json\/wp\/v2\/users\/1"}],"replies":[{"embeddable":true,"href":"https:\/\/demuthelektronik.de\/en\/wp-json\/wp\/v2\/comments?post=19"}],"version-history":[{"count":80,"href":"https:\/\/demuthelektronik.de\/en\/wp-json\/wp\/v2\/pages\/19\/revisions"}],"predecessor-version":[{"id":816,"href":"https:\/\/demuthelektronik.de\/en\/wp-json\/wp\/v2\/pages\/19\/revisions\/816"}],"wp:attachment":[{"href":"https:\/\/demuthelektronik.de\/en\/wp-json\/wp\/v2\/media?parent=19"}],"curies":[{"name":"wp","href":"https:\/\/api.w.org\/{rel}","templated":true}]}}